{"id":557,"date":"2026-02-15T16:43:09","date_gmt":"2026-02-15T16:43:09","guid":{"rendered":"https:\/\/duo-giussani.de\/?page_id=557"},"modified":"2026-02-15T16:48:00","modified_gmt":"2026-02-15T16:48:00","slug":"chi-siamo","status":"publish","type":"page","link":"https:\/\/duo-giussani.de\/?page_id=557","title":{"rendered":"Chi siamo"},"content":{"rendered":"\n<p class=\"has-text-align-left\"><em>\u00abCon una passione che si trasmette immediatamente agli ascoltatori\u00bb,<\/em> il Duo Giussani interpreta opere di cinque secoli. Nel loro nuovo programma \u00abDal Brasile al Baltico\u00bb, i due giovani artisti accompagnano il pubblico in un viaggio che attraversa diversi continenti e le pi\u00f9 svariate epoche musicali.<\/p>\n\n\n\n<p class=\"has-text-align-center\"><em>\u00abPiacere dell\u2019ascolto, delizia per l\u2019orecchio\u2026 queste parole descrivono solo in modo insufficiente le gioie sensoriali che il pubblico pu\u00f2 vivere ai concerti del Duo Giussani\u2026 Gli artisti offrono una musica come proveniente da un altro pianeta. I due musicisti celebrano una festa musicale che attraversa le vette e gli abissi dell\u2019ingegno compositivo e di un\u2019arte dell\u2019interpretazione strumentale quasi solennemente celebrata.\u00bb<\/em> <br>(Westf\u00e4lische Nachrichten)<\/p>\n\n\n\n<p class=\"has-text-align-left\"><strong>Pauline Stephan<\/strong> (violoncello) e <strong>Julian Richter<\/strong> (chitarra), entrambi originari della regione della Ruhr in Germania, si sono conosciuti nel 2015 durante gli studi presso la Musikhochschule di M\u00fcnster. Dopo poche settimane hanno fondato il Duo Giussani.<\/p>\n\n\n\n<p class=\"has-text-align-left\">Accanto alla ricerca di brani originali per questa particolare formazione, eseguono diverse trascrizioni, arrangiamenti propri e composizioni dedicate al duo stesso. \u00c8 cos\u00ec nato un repertorio che spazia da Antonio Vivaldi alla Spagna di Enrique Granados, dal compositore brasiliano Radam\u00e9s Gnattali fino alla compositrice estone Ester M\u00e4gi.<\/p>\n\n\n\n<p class=\"has-text-align-left\">Il Duo Giussani ha gi\u00e0 potuto dimostrare la sua \u00abpura gioia di suonare\u00bb in numerosi festival internazionali, tra cui in <strong>Germania<\/strong> al Kloster Seeon, al \u00abCelloherbst am Hellweg\u00bb, in <strong>Italia<\/strong> al \u00abNorth Lake Como Festival\u00bb e a Levico Terme, all\u2019\u00abHerbst Musicaux Festival\u00bb presso il Palazzo Giusti di Verona, agli \u00abIncontri musicali d\u2019estate\u00bb a Pescara, in <strong>Francia<\/strong> al \u00abFestival des Heures Musicales\u00bb a Binic, a \u00abLes Cl\u00e9s du Classique\u00bb a Osseja, a \u00abLes Musicales de Saint-Martin\u00bb a Parigi, in <strong>Spagna<\/strong> a Tenerife al \u00abFestival Aguere\u00bb presso il Casin\u00f2 della citt\u00e0 di La Laguna, a Maiorca al \u00abFestival Son Bono\u00bb, in <strong>Brasile<\/strong> al \u00abFestival de Violoncelos de Ouro Branco\u00bb e al Brucknerhaus in <strong>Austria<\/strong>. Nel 2025 il Duo Giussani si \u00e8 esibito in tourn\u00e9e in <strong>Giappone<\/strong>, in sale da concerto a Hiroshima, Fukuoka e Tokyo.<\/p>\n\n\n\n<p class=\"has-text-align-left\">Nel 2023 il duo ha vinto il secondo premio nella categoria musica da camera all\u2019ottavo \u00abConcorso chitarristico Nilo Peraldo Bert\u00bb in Italia.<\/p>\n\n\n\n<p class=\"has-text-align-left\">Dal 2018 i due musicisti sono borsisti della Fondazione Yehudi Menuhin \u00abLive Music Now\u00bb.<\/p>\n","protected":false},"excerpt":{"rendered":"<p>\u00abCon una passione che si trasmette immediatamente agli ascoltatori\u00bb, il Duo Giussani interpreta opere di cinque secoli. Nel loro nuovo programma \u00abDal Brasile al Baltico\u00bb, i due giovani artisti accompagnano il pubblico in un viaggio che attraversa diversi continenti e le pi\u00f9 svariate epoche musicali. \u00abPiacere dell\u2019ascolto, delizia per l\u2019orecchio\u2026 queste parole descrivono solo in &hellip; <\/p>\n<p class=\"link-more\"><a href=\"https:\/\/duo-giussani.de\/?page_id=557\" class=\"more-link\"><span class=\"screen-reader-text\">\u201eChi siamo\u201c<\/span> weiterlesen<\/a><\/p>\n","protected":false},"author":2,"featured_media":0,"parent":44,"menu_order":1,"comment_status":"closed","ping_status":"closed","template":"","meta":[],"_links":{"self":[{"href":"https:\/\/duo-giussani.de\/index.php?rest_route=\/wp\/v2\/pages\/557"}],"collection":[{"href":"https:\/\/duo-giussani.de\/index.php?rest_route=\/wp\/v2\/pages"}],"about":[{"href":"https:\/\/duo-giussani.de\/index.php?rest_route=\/wp\/v2\/types\/page"}],"author":[{"embeddable":true,"href":"https:\/\/duo-giussani.de\/index.php?rest_route=\/wp\/v2\/users\/2"}],"replies":[{"embeddable":true,"href":"https:\/\/duo-giussani.de\/index.php?rest_route=%2Fwp%2Fv2%2Fcomments&post=557"}],"version-history":[{"count":2,"href":"https:\/\/duo-giussani.de\/index.php?rest_route=\/wp\/v2\/pages\/557\/revisions"}],"predecessor-version":[{"id":560,"href":"https:\/\/duo-giussani.de\/index.php?rest_route=\/wp\/v2\/pages\/557\/revisions\/560"}],"up":[{"embeddable":true,"href":"https:\/\/duo-giussani.de\/index.php?rest_route=\/wp\/v2\/pages\/44"}],"wp:attachment":[{"href":"https:\/\/duo-giussani.de\/index.php?rest_route=%2Fwp%2Fv2%2Fmedia&parent=557"}],"curies":[{"name":"wp","href":"https:\/\/api.w.org\/{rel}","templated":true}]}}