{"id":42,"date":"2019-03-22T16:21:05","date_gmt":"2019-03-22T16:21:05","guid":{"rendered":"http:\/\/duo-giussani.de\/?page_id=42"},"modified":"2024-11-18T20:11:28","modified_gmt":"2024-11-18T20:11:28","slug":"repertoire","status":"publish","type":"page","link":"https:\/\/duo-giussani.de\/?page_id=42","title":{"rendered":"Repertoire"},"content":{"rendered":"\n<p>Hier ein Auszug aus unserem Repertoire:<\/p>\n\n\n\n<ul><li><strong>I. Albeniz: <\/strong>Cordoba <\/li><li><strong>J. S. Bach:<\/strong> Chor\u00e4le<\/li><li><strong>B. Bartok<\/strong>: Rum\u00e4nische Volkst\u00e4nze<\/li><li><strong>J. Brahms<\/strong>: Volkslieder<\/li><li><strong>J. Dowland<\/strong>: Songs<\/li><li><strong>R. Eespere<\/strong>: Respectus<\/li><li><strong>I. Gembitckaia:<\/strong> <a href=\"https:\/\/www.youtube.com\/watch?v=S-gd00wQqE8\" data-type=\"URL\" data-id=\"https:\/\/www.youtube.com\/watch?v=S-gd00wQqE8\">Elegie<\/a> <em>(komponiert f\u00fcr das Duo Giussani)<\/em><\/li><li><strong>R. Gnattali<\/strong>: <a href=\"https:\/\/www.youtube.com\/watch?v=xT_slB9cTas\" data-type=\"URL\" data-id=\"https:\/\/www.youtube.com\/watch?v=xT_slB9cTas\">Sonate f\u00fcr Gitarre und Violoncello<\/a><\/li><li><strong>E. Granados<\/strong>: danzas espa\u00f1olas<\/li><li><strong>E. M\u00e4gi<\/strong>: <a href=\"https:\/\/www.youtube.com\/watch?v=mlCLBRAiRaY\" data-type=\"URL\" data-id=\"https:\/\/www.youtube.com\/watch?v=mlCLBRAiRaY\">Cantus<\/a>, Processus<\/li><li><strong>K. Nikolovska:<\/strong> Die Pr\u00e4rie <em>(komponiert f\u00fcr das Duo Giussani)<\/em><\/li><li><strong>D. Ortiz<\/strong>: Recercadas<\/li><li><strong>A. Piazzolla<\/strong>: Libertango<\/li><li><strong>C. Saint-Sa\u00ebns<\/strong>: Der Schwan (aus Karneval der Tiere)<\/li><li><strong>U. Schultheiss: <\/strong>Tango sulle corde <em>(Version f\u00fcr Cello und Gitarre f\u00fcr das Duo Giussani)<\/em><\/li><li><strong>F. Schubert<\/strong>: Arpeggione Sonate in a-moll, Lieder<\/li><li><strong>P. I. Tchaikovsky<\/strong>: Valse Sentimental, Natha Valse, Romanze, \u2026<\/li><li><strong>E. S. T\u00fc\u00fcr<\/strong>: Spiel<\/li><li><strong>H. Villa-Lobos<\/strong>: Bachianas Brasileiras Nr. 5<\/li><li><strong>A. Vivald<\/strong>i: Sonaten f\u00fcr Violoncello und Basso continuo<\/li><\/ul>\n","protected":false},"excerpt":{"rendered":"<p>Hier ein Auszug aus unserem Repertoire: I. Albeniz: Cordoba J. S. Bach: Chor\u00e4le B. Bartok: Rum\u00e4nische Volkst\u00e4nze J. Brahms: Volkslieder J. Dowland: Songs R. Eespere: Respectus I. Gembitckaia: Elegie (komponiert f\u00fcr das Duo Giussani) R. Gnattali: Sonate f\u00fcr Gitarre und Violoncello E. Granados: danzas espa\u00f1olas E. M\u00e4gi: Cantus, Processus K. Nikolovska: Die Pr\u00e4rie (komponiert f\u00fcr &hellip; <\/p>\n<p class=\"link-more\"><a href=\"https:\/\/duo-giussani.de\/?page_id=42\" class=\"more-link\"><span class=\"screen-reader-text\">\u201eRepertoire\u201c<\/span> weiterlesen<\/a><\/p>\n","protected":false},"author":1,"featured_media":0,"parent":0,"menu_order":0,"comment_status":"closed","ping_status":"closed","template":"","meta":[],"_links":{"self":[{"href":"https:\/\/duo-giussani.de\/index.php?rest_route=\/wp\/v2\/pages\/42"}],"collection":[{"href":"https:\/\/duo-giussani.de\/index.php?rest_route=\/wp\/v2\/pages"}],"about":[{"href":"https:\/\/duo-giussani.de\/index.php?rest_route=\/wp\/v2\/types\/page"}],"author":[{"embeddable":true,"href":"https:\/\/duo-giussani.de\/index.php?rest_route=\/wp\/v2\/users\/1"}],"replies":[{"embeddable":true,"href":"https:\/\/duo-giussani.de\/index.php?rest_route=%2Fwp%2Fv2%2Fcomments&post=42"}],"version-history":[{"count":7,"href":"https:\/\/duo-giussani.de\/index.php?rest_route=\/wp\/v2\/pages\/42\/revisions"}],"predecessor-version":[{"id":492,"href":"https:\/\/duo-giussani.de\/index.php?rest_route=\/wp\/v2\/pages\/42\/revisions\/492"}],"wp:attachment":[{"href":"https:\/\/duo-giussani.de\/index.php?rest_route=%2Fwp%2Fv2%2Fmedia&parent=42"}],"curies":[{"name":"wp","href":"https:\/\/api.w.org\/{rel}","templated":true}]}}