{"id":390,"date":"2023-03-09T16:53:16","date_gmt":"2023-03-09T16:53:16","guid":{"rendered":"https:\/\/duo-giussani.de\/?page_id=390"},"modified":"2026-02-15T17:03:23","modified_gmt":"2026-02-15T17:03:23","slug":"biografia","status":"publish","type":"page","link":"https:\/\/duo-giussani.de\/?page_id=390","title":{"rendered":"Biografia"},"content":{"rendered":"\n<p><strong>Pauline Stephan<\/strong>, nata a Unna, in Germania, proviene da una famiglia di musicisti e ha ricevuto le prime lezioni di pianoforte all&#8217;et\u00e0 di cinque anni. Due anni dopo ha scoperto il suo amore per il violoncello.<\/p>\n\n\n\n<p>Ha vinto premi in vari concorsi prima che il Prof. Matias de Oliveira Pinto si accorgesse di lei e la insegnasse negli anni successivi. Dopo si \u00e8 laureata con un Bachelor of Music  nella sua classe al conservatorio di M\u00fcnster, ha studiato musica da camera con Antonio Valentino presso il conservatorio di Torino, in Italia. Contemporaneamente prende lezioni da Luca Magariello, prima alla Milano Music Master School e dal 2022 all&#8217;Accademia di Musica di Pinerolo. <\/p>\n\n\n\n<p>Nel 2023 Si \u00e8 diplomata con il Diploma accademico di II livello in Musica da camera con il massimo dei voti e la lode. Nel 2023 ha iniziato un master artistico presso l\u2019Universit\u00e0 Anton Bruckner di Linz nella classe di violoncello della professoressa Vashti Hunter e attualmente sta studiando con Bertin Christelbauer. <\/p>\n\n\n\n<p>Da diversi anni Pauline Stephan non si esibisce solo sulla scena europea. Tra questi, concerti di musica da camera e da solista in Germania, Austria, Italia, Spagna, Francia, Croazia, Svizzera, Brasile e Giappone. Da oltre 10 anni \u00e8 membro dei 12 Hellweger Cellisten, con i quali si \u00e8 esibita pi\u00f9 volte come solista e ha registrato un CD nel 2019. Come solista si \u00e8 esibita inoltre nel 2019 con i Virtuosi di Spalato in Croazia e in Germania. Nel 2025 ha eseguito il Concerto di Dvo\u0159\u00e1k presso l\u2019Orchesterzentrum NRW.<\/p>\n\n\n\n<p>Ha ricevuto importanti impulsi musicali in masterclass con il Prof. Marcio Carneiro, Prof. Enrico Bronzi,  Prof. Julia Hagen, Prof. Jan Ickert, il Prof. Gabriel Schwabe.<\/p>\n\n\n\n<p>Dal 2018 \u00e8 borsista della Fondazione Yehudi Menuhin \u201cLive Music Now&#8220; e nel 2023 ha vinto il secondo premio al Concorso \u201cNilo Peraldo Bert\u201d in Italia. Nel 2022 ha ricevuto una borsa di studio dal governo italiano per i suoi eccellenti risultati accademici.<\/p>\n\n\n\n<p><\/p>\n\n\n\n<p><strong>Julian Richter<\/strong>, nato a Dortmund, in Germania, ha iniziato a suonare la tromba all&#8217;et\u00e0 di cinque anni e successivamente ha imparato la chitarra. Ha avuto modo di deliziare il pubblico in vari festival, sia come solista che con ensemble di musica da camera. Tra questi, festival in Austria, Germania, Francia, Spagna, Italia, Romania, Brasile e Giappone.<\/p>\n\n\n\n<p>Frequenta regolarmente corsi di perfezionamento con Gary Ryan, Pavel Steidel, Tilmann Hopstock, Roberto Aussel, Pierre Pitzl e Alvaro Pieri. Ha ricevuto le prime lezioni di chitarra presso la scuola di musica di Dortmund con Roland Bischof e ha successivamente studiato con Prof. Reinbert Evers durante il periodo scolastico.<\/p>\n\n\n\n<p>Nel 2015 ha iniziato gli studi di chitarra presso il conservatorio di M\u00fcnster nella classe del Prof. Reinbert Evers. Dopo aver conseguito il Bachelor of Music, ha proseguito la sua formazione con un master presso il conservatorio di Lubecca, che ha iniziato nel semestre invernale 2020\/21 nella classe del Prof. Otto Tolonen e concluso nel 2023 con il conseguimento del Master of Music. Nell\u2019estate del 2021 si \u00e8 esibito per l\u2019emittente radiofonica Deutschlandfunk.<\/p>\n\n\n\n<p>Oltre all\u2019attivit\u00e0 concertistica, Julian Richter svolge anche attivit\u00e0 compositiva. Le sue composizioni e i suoi arrangiamenti sono stati eseguiti in diversi paesi europei e in Brasile.<\/p>\n\n\n\n<p>Dal 2018 \u00e8 borsista della Fondazione Yehudi Menuhin \u201cLive Music Now\u201d.&nbsp;Nel 2023 ha vinto il secondo premio nella categoria Musica da camera al Concorso chitarristico \u201cNilo Peraldo Bert\u201d in Italia con il suo Duo Giussani (violoncello e chitarra). Nell\u2019anno scolastico 2023\/24 ha iniziato l\u2019attivit\u00e0 di insegnamento presso la Scuola Statale di Musica dell\u2019Alta Austria. www.duo-giussani.de<\/p>\n\n\n\n<p><\/p>\n","protected":false},"excerpt":{"rendered":"<p>Pauline Stephan, nata a Unna, in Germania, proviene da una famiglia di musicisti e ha ricevuto le prime lezioni di pianoforte all&#8217;et\u00e0 di cinque anni. Due anni dopo ha scoperto il suo amore per il violoncello. Ha vinto premi in vari concorsi prima che il Prof. Matias de Oliveira Pinto si accorgesse di lei e &hellip; <\/p>\n<p class=\"link-more\"><a href=\"https:\/\/duo-giussani.de\/?page_id=390\" class=\"more-link\"><span class=\"screen-reader-text\">\u201eBiografia\u201c<\/span> weiterlesen<\/a><\/p>\n","protected":false},"author":2,"featured_media":0,"parent":0,"menu_order":0,"comment_status":"closed","ping_status":"closed","template":"","meta":[],"_links":{"self":[{"href":"https:\/\/duo-giussani.de\/index.php?rest_route=\/wp\/v2\/pages\/390"}],"collection":[{"href":"https:\/\/duo-giussani.de\/index.php?rest_route=\/wp\/v2\/pages"}],"about":[{"href":"https:\/\/duo-giussani.de\/index.php?rest_route=\/wp\/v2\/types\/page"}],"author":[{"embeddable":true,"href":"https:\/\/duo-giussani.de\/index.php?rest_route=\/wp\/v2\/users\/2"}],"replies":[{"embeddable":true,"href":"https:\/\/duo-giussani.de\/index.php?rest_route=%2Fwp%2Fv2%2Fcomments&post=390"}],"version-history":[{"count":5,"href":"https:\/\/duo-giussani.de\/index.php?rest_route=\/wp\/v2\/pages\/390\/revisions"}],"predecessor-version":[{"id":567,"href":"https:\/\/duo-giussani.de\/index.php?rest_route=\/wp\/v2\/pages\/390\/revisions\/567"}],"wp:attachment":[{"href":"https:\/\/duo-giussani.de\/index.php?rest_route=%2Fwp%2Fv2%2Fmedia&parent=390"}],"curies":[{"name":"wp","href":"https:\/\/api.w.org\/{rel}","templated":true}]}}