{"id":20,"date":"2019-03-22T15:34:09","date_gmt":"2019-03-22T15:34:09","guid":{"rendered":"http:\/\/duo-giussani.de\/?page_id=20"},"modified":"2026-02-03T15:22:46","modified_gmt":"2026-02-03T15:22:46","slug":"biographie","status":"publish","type":"page","link":"https:\/\/duo-giussani.de\/?page_id=20","title":{"rendered":"Biografie"},"content":{"rendered":"\n<div class=\"wp-block-media-text alignwide is-stacked-on-mobile is-vertically-aligned-top\" style=\"grid-template-columns:32% auto\"><figure class=\"wp-block-media-text__media\"><img loading=\"lazy\" width=\"683\" height=\"1024\" src=\"https:\/\/duo-giussani.de\/wp-content\/uploads\/2024\/11\/MG_9084_E-683x1024.jpg\" alt=\"\" class=\"wp-image-478 size-full\" srcset=\"https:\/\/duo-giussani.de\/wp-content\/uploads\/2024\/11\/MG_9084_E-683x1024.jpg 683w, https:\/\/duo-giussani.de\/wp-content\/uploads\/2024\/11\/MG_9084_E-200x300.jpg 200w, https:\/\/duo-giussani.de\/wp-content\/uploads\/2024\/11\/MG_9084_E-768x1152.jpg 768w, https:\/\/duo-giussani.de\/wp-content\/uploads\/2024\/11\/MG_9084_E-1024x1536.jpg 1024w, https:\/\/duo-giussani.de\/wp-content\/uploads\/2024\/11\/MG_9084_E-1365x2048.jpg 1365w, https:\/\/duo-giussani.de\/wp-content\/uploads\/2024\/11\/MG_9084_E-scaled.jpg 1707w\" sizes=\"(max-width: 683px) 100vw, 683px\" \/><\/figure><div class=\"wp-block-media-text__content\">\n<p class=\"has-text-align-left\"><strong>Pauline Stephan<\/strong>, geboren in Unna, kommt aus einer Musikerfamilie und bekam bereits im Alter von f\u00fcnf Jahren ihren ersten Klavierunterricht. Zwei Jahre sp\u00e4ter entdeckte sie ihre Liebe zum Violoncello<\/p>\n\n\n\n<p>Sie gewann schon fr\u00fch Preise bei diversen Wettbewerben, bevor Prof. Matias de Oliveira Pinto auf sie aufmerksam wurde und sie in den folgenden Jahren unterrichtete. Nach dem Bachelor in seiner Klasse studierte sie Kammermusik bei Antonio Valentino (Trio Debussy) am Konservatorium in Turin,  Italien.<\/p>\n<\/div><\/div>\n\n\n\n<p>Parallel bekam sie Unterricht  von Luca Magariello (Solocellist Orchestra sinfonica nazionale della RAI), erst an der Milano Music Master School und ab 2022 an der Accademia di Musica di Pinerolo.<\/p>\n\n\n\n<p>2023 schloss sie ihren Kammermusikmaster mit summa cum laude ab. Im Oktober 2023 begann sie einen k\u00fcnstlerischen Masterstudiengang an der Anton Bruckner Privatuniversit\u00e4t Linz in der Celloklasse von Prof. Vashti Hunter. Pauline Stephan ist seit mehreren Jahren nicht nur auf europ\u00e4ischen B\u00fchne zu h\u00f6ren. Dazu geh\u00f6ren Kammermusik- und Solokonzerte in Deutschland, \u00d6sterreich, Italien, Spanien, Frankreich, Kroatien, der Schweiz, Brasilien und Japan.<\/p>\n\n\n\n<p>Wichtige k\u00fcnstlerische Impulse erhielt sie bei Meisterkursen von Prof. Enrico Bronzi, Prof. Marcio Caneiro, Arthur Hornig , Prof. Jan Ickert und Prof. Gabriel Schwabe.<\/p>\n\n\n\n<p>Seit 2018 ist Pauline Stephan Stipendiatin der Yehudi Menuhin Stiftung \u201eLive Music Now\u201c und wurde 2022 f\u00fcr ihre herausragenden Studienleistungen mit einem Stipendium der italienischen Regierung ausgezeichnet.&nbsp;<\/p>\n\n\n\n<p><em><a href=\"http:\/\/www.pauline-stephan.de\" data-type=\"URL\" data-id=\"www.pauline-stephan.de\">www.pauline-stephan.de<\/a><\/em><\/p>\n\n\n\n<div class=\"wp-block-media-text alignwide is-stacked-on-mobile is-vertically-aligned-top\" style=\"grid-template-columns:34% auto\"><figure class=\"wp-block-media-text__media\"><img loading=\"lazy\" width=\"1706\" height=\"2560\" src=\"https:\/\/duo-giussani.de\/wp-content\/uploads\/2023\/02\/IMG_6710-scaled.jpg\" alt=\"\" class=\"wp-image-348 size-full\" srcset=\"https:\/\/duo-giussani.de\/wp-content\/uploads\/2023\/02\/IMG_6710-scaled.jpg 1706w, https:\/\/duo-giussani.de\/wp-content\/uploads\/2023\/02\/IMG_6710-200x300.jpg 200w, https:\/\/duo-giussani.de\/wp-content\/uploads\/2023\/02\/IMG_6710-683x1024.jpg 683w, https:\/\/duo-giussani.de\/wp-content\/uploads\/2023\/02\/IMG_6710-768x1152.jpg 768w, https:\/\/duo-giussani.de\/wp-content\/uploads\/2023\/02\/IMG_6710-1024x1536.jpg 1024w, https:\/\/duo-giussani.de\/wp-content\/uploads\/2023\/02\/IMG_6710-1365x2048.jpg 1365w\" sizes=\"(max-width: 767px) 89vw, (max-width: 1000px) 54vw, (max-width: 1071px) 543px, 580px\" \/><\/figure><div class=\"wp-block-media-text__content\">\n<p><strong>Julian Richter<\/strong>, geboren in Dortmund, begann bereits mit f\u00fcnf Jahren Trompete zu spielen und lernte sp\u00e4ter Gitarre.\u00a0 Das Publikum konnte er bei verschiedenen<em> <\/em>Festivals solistisch sowie mit Kammermusikensembles begeistern.  Darunter Festivals in Deutschland, \u00d6sterreich, Frankreich, Italien, Spanien, Brasilien und Japan.<\/p>\n\n\n\n<p>Er besucht regelm\u00e4\u00dfig Meisterkurse u. a. bei Gary Ryan, Pavel Steidel, Tilmann Hopstock, Roberto Aussel, Pierre Pitzl und Marcin Dylla.<\/p>\n<\/div><\/div>\n\n\n\n<p>Seinen ersten Gitarrenunterricht erhielt Julian Richter an der Musikschule Dortmund bei Roland Bischof und bekam schon als Sch\u00fcler professoralen Unterricht bei Reinbert Evers.<\/p>\n\n\n\n<p>2015 begann er sein Studium an an der Musikhochschule M\u00fcnster in der Gitarrenklasse von Prof. Reinbert Evers. Nach seinem  Bacherlorabschluss begann Julian Richter im  Wintersemester 20\/21 sein Masterstudium an der Musikhochschule L\u00fcbeck in der Klasse von Prof. Otto Tolonen, welches er 2023 abschloss.  Im Sommer 2021 wurde ein Auftritt von ihm  beim Radiosender Deutschlandfunk gesendet.<\/p>\n\n\n\n<p>Neben seiner Konzertt\u00e4tigkeit ist Julian Richter dabei sich nicht nur in Deutschland auch als Komponist und Arrangeur einen Namen zu machen. Seine Kompositionen und Bearbeitungen konnte man schon in mehreren europ\u00e4ischen L\u00e4ndern sowie in Brasilien h\u00f6ren.<\/p>\n\n\n\n<p>Im Schuljahr 23\/24 begann er eine Lehrt\u00e4tigkeit an der Landesmusikschule Ober\u00f6sterreich.<\/p>\n\n\n\n<p>Seit 2018 ist Julian Richter Stipendiat der <em>Yehudi Menuhin Stiftung &#8222;Live Music Now&#8220;.<\/em><\/p>\n\n\n\n<p><\/p>\n","protected":false},"excerpt":{"rendered":"<p>Pauline Stephan, geboren in Unna, kommt aus einer Musikerfamilie und bekam bereits im Alter von f\u00fcnf Jahren ihren ersten Klavierunterricht. Zwei Jahre sp\u00e4ter entdeckte sie ihre Liebe zum Violoncello Sie gewann schon fr\u00fch Preise bei diversen Wettbewerben, bevor Prof. Matias de Oliveira Pinto auf sie aufmerksam wurde und sie in den folgenden Jahren unterrichtete. Nach &hellip; <\/p>\n<p class=\"link-more\"><a href=\"https:\/\/duo-giussani.de\/?page_id=20\" class=\"more-link\"><span class=\"screen-reader-text\">\u201eBiografie\u201c<\/span> weiterlesen<\/a><\/p>\n","protected":false},"author":1,"featured_media":0,"parent":0,"menu_order":0,"comment_status":"closed","ping_status":"closed","template":"","meta":[],"_links":{"self":[{"href":"https:\/\/duo-giussani.de\/index.php?rest_route=\/wp\/v2\/pages\/20"}],"collection":[{"href":"https:\/\/duo-giussani.de\/index.php?rest_route=\/wp\/v2\/pages"}],"about":[{"href":"https:\/\/duo-giussani.de\/index.php?rest_route=\/wp\/v2\/types\/page"}],"author":[{"embeddable":true,"href":"https:\/\/duo-giussani.de\/index.php?rest_route=\/wp\/v2\/users\/1"}],"replies":[{"embeddable":true,"href":"https:\/\/duo-giussani.de\/index.php?rest_route=%2Fwp%2Fv2%2Fcomments&post=20"}],"version-history":[{"count":59,"href":"https:\/\/duo-giussani.de\/index.php?rest_route=\/wp\/v2\/pages\/20\/revisions"}],"predecessor-version":[{"id":553,"href":"https:\/\/duo-giussani.de\/index.php?rest_route=\/wp\/v2\/pages\/20\/revisions\/553"}],"wp:attachment":[{"href":"https:\/\/duo-giussani.de\/index.php?rest_route=%2Fwp%2Fv2%2Fmedia&parent=20"}],"curies":[{"name":"wp","href":"https:\/\/api.w.org\/{rel}","templated":true}]}}